{"id":1942,"date":"2017-08-14T14:15:49","date_gmt":"2017-08-14T11:15:49","guid":{"rendered":"http:\/\/yenidunyaiskadinlari.com\/tr\/?page_id=1942"},"modified":"2017-11-02T14:06:11","modified_gmt":"2017-11-02T11:06:11","slug":"isparta-merkez-sagir-dilsiz-kadinlar","status":"publish","type":"page","link":"http:\/\/yenidunyaiskadinlari.com\/tr\/isparta-merkez-sagir-dilsiz-kadinlar\/","title":{"rendered":"ISPARTA MERKEZ SA\u011eIR-D\u0130LS\u0130Z KADINLAR"},"content":{"rendered":"<p>Projemiz i\u00e7in de halk e\u011fitim merkezinden bir hocayla anla\u015ft\u0131k ve Barbie bebekler ald\u0131k. Bebeklerin ellerine sepet verdik ve onlar\u0131n i\u00e7ine Isparta&#8217;y\u0131 temsil eden g\u00fcller koyduk.<\/p>\n","protected":false},"excerpt":{"rendered":"<p>Projemiz i\u00e7in de halk e\u011fitim merkezinden bir hocayla anla\u015ft\u0131k ve Barbie bebekler ald\u0131k. Bebeklerin ellerine sepet verdik ve onlar\u0131n i\u00e7ine Isparta&#8217;y\u0131 temsil eden g\u00fcller koyduk.<\/p>\n","protected":false},"author":2,"featured_media":0,"parent":0,"menu_order":0,"comment_status":"closed","ping_status":"closed","template":"","meta":{"ngg_post_thumbnail":0},"acf":[],"_links":{"self":[{"href":"http:\/\/yenidunyaiskadinlari.com\/tr\/wp-json\/wp\/v2\/pages\/1942"}],"collection":[{"href":"http:\/\/yenidunyaiskadinlari.com\/tr\/wp-json\/wp\/v2\/pages"}],"about":[{"href":"http:\/\/yenidunyaiskadinlari.com\/tr\/wp-json\/wp\/v2\/types\/page"}],"author":[{"embeddable":true,"href":"http:\/\/yenidunyaiskadinlari.com\/tr\/wp-json\/wp\/v2\/users\/2"}],"replies":[{"embeddable":true,"href":"http:\/\/yenidunyaiskadinlari.com\/tr\/wp-json\/wp\/v2\/comments?post=1942"}],"version-history":[{"count":2,"href":"http:\/\/yenidunyaiskadinlari.com\/tr\/wp-json\/wp\/v2\/pages\/1942\/revisions"}],"predecessor-version":[{"id":2015,"href":"http:\/\/yenidunyaiskadinlari.com\/tr\/wp-json\/wp\/v2\/pages\/1942\/revisions\/2015"}],"wp:attachment":[{"href":"http:\/\/yenidunyaiskadinlari.com\/tr\/wp-json\/wp\/v2\/media?parent=1942"}],"curies":[{"name":"wp","href":"https:\/\/api.w.org\/{rel}","templated":true}]}}