{"id":2326,"date":"2017-12-19T10:49:49","date_gmt":"2017-12-19T07:49:49","guid":{"rendered":"http:\/\/yenidunyaiskadinlari.com\/tr\/?page_id=2326"},"modified":"2017-12-19T10:50:03","modified_gmt":"2017-12-19T07:50:03","slug":"hakkimizda","status":"publish","type":"page","link":"http:\/\/yenidunyaiskadinlari.com\/tr\/hakkimizda\/","title":{"rendered":"Hakk\u0131m\u0131zda"},"content":{"rendered":"<h2><strong>Biz Kimiz?<\/strong><\/h2>\n<p>2012 y\u0131l\u0131nda Havva Firdevs K\u00fcl\u00fcnk taraf\u0131ndan kurulan platformumuz es\u0327ref-i mahlukat olman\u0131n gereg\u0306ine s\u0131k\u0131 s\u0131k\u0131 inan\u0131r. Bu inan\u00e7 ile yarat\u0131lm\u0131s\u0327 her varl\u0131g\u0306a hizmet etmeyi ibadet kabul eder. \u00d6nce kendi i\u00e7inde Allah ile bar\u0131s\u0327\u0131k, Resulullah davas\u0131na sad\u0131k Hz. Adem\u2019den Hz. Peygamber&#8217;e kadar, oradan g\u00fcn\u00fcm\u00fcze gelen tarih ile bar\u0131s\u0327\u0131k; g\u00fcn\u00fcm\u00fcze bu sentezlemeyi sag\u0306l\u0131kl\u0131 yapabilecek beyin, ruh ve kalp olgunlug\u0306una eri\u015fiktir. Amac\u0131m\u0131z Anadolu&#8217;nun \u00fccra k\u00f6s\u0327elerindeki ihtiya\u00e7 sahibi, kabuklar\u0131n\u0131 k\u0131ramam\u0131s\u0327 kad\u0131nlara, gen\u00e7 k\u0131zlara bal\u0131k tutmay\u0131, bu sebebe sar\u0131larak kabuklar\u0131n\u0131 k\u0131rmay\u0131 \u00f6g\u0306retmek.Platformumuz Akademisyen ve I\u0307s\u0327veren Kad\u0131nlardan olus\u0327maktad\u0131r.<\/p>\n<h2><strong>\u00c7al\u0131\u015fma Sistemimiz<\/strong><\/h2>\n<h3>Ne Yapabiliriz?<\/h3>\n<p>T\u00fcrkiye genelinde maddi ve manevi deste\u011fe ihtiyac\u0131 olan kad\u0131nlar\u0131m\u0131z\u0131n sosyal ve ekonomik olarak ya\u015fad\u0131klar\u0131 s\u0131k\u0131nt\u0131lar\u0131 dert edinen platformumuz, her y\u0131l en az 3 \u015fehir se\u00e7erek o \u015fehirdeki kad\u0131nlara istihdam alan\u0131 a\u00e7may\u0131 hedefliyor.<\/p>\n<h3><strong>Lokasyon Se\u00e7imi<\/strong><\/h3>\n<p>Se\u00e7ilen \u015fehir ve b\u00f6lgeler, gerek aile bakanl\u0131\u011f\u0131 y\u00f6nlendirmesi ile gerekse platform \u00fcyelerimizin g\u00f6zlemleri ile isti\u015fare edilerek karar verilir.<\/p>\n<h3><strong>Analiz ve Proje Karar\u0131<\/strong><\/h3>\n<p>Se\u00e7ilen \u015fehirlere bir seyahat d\u00fczenlenerek o b\u00f6lgede fizibilite \u00e7al\u0131\u015fmas\u0131 yap\u0131l\u0131r. Gerekli olan y\u00f6neticiler ile g\u00f6r\u00fc\u015fme sa\u011flanarak en iyi ve do\u011fru \u015fekilde hareket etmek i\u00e7in detayl\u0131 bir \u00e7al\u0131\u015fma y\u00fcr\u00fct\u00fcl\u00fcr.<\/p>\n<p><strong>&nbsp;Dog\u0306ru Kis\u0327ileri Bulmak<\/strong><\/p>\n<p>\u0130stihdam alan\u0131 sa\u011flamak \u00fczere g\u00f6r\u00fc\u015ft\u00fc\u011f\u00fcm\u00fcz ki\u015filerin ger\u00e7ekten maddi ve manevi olarak ihtiyac\u0131 olan ki\u015filerden se\u00e7ilmesine \u00f6zellikle gayret edilir.<\/p>\n<h3><strong>\u00d6denek Sag\u0306lanmas\u0131<\/strong><\/h3>\n<p>Projelerin \u00f6denekleri kesinlikle devlet katk\u0131s\u0131 ya da sponsor olmadan sadece \u00fcyelerimiz fonlamas\u0131 ile taraf\u0131ndan kar\u015f\u0131lan\u0131r.<\/p>\n<h3><strong>Hammadde ve \u00dcretim<\/strong><\/h3>\n<p>\u00dcretilecek \u00fcr\u00fcne gore&nbsp; olu\u015fturlan fondan sermaye sa\u011flan\u0131rhammadde \u00fcyelerimiz taraf\u0131ndan temin edilerek b\u00f6lgeye ul\u015fat\u0131r\u0131l\u0131r. Daha sonra platformumuz taraf\u0131ndan belirlenen e\u011fitmen deste\u011fi ile kad\u0131nlar\u0131n \u00fcretime ba\u015flamas\u0131 sa\u011flan\u0131r.<\/p>\n<h3><strong>Sat\u0131s\u0327 Hakedis\u0327lerin Teslimi<\/strong><\/h3>\n<p>\u00dcretilen \u00fcr\u00fcnlerin sat\u0131\u015f\u0131 platform \u00fcyelerimiz taraf\u0131ndan yap\u0131l\u0131r. Platformumuza gelen \u00fcr\u00fcnlerin sat\u0131\u015f\u0131ndan elde edilen gelir, sermaye ve hakedi\u015f olarak b\u00f6l\u00fcnd\u00fckten sonra sermaye ile tekrar hammadde al\u0131n\u0131r, hakedi\u015fler e\u011fitmen vas\u0131tas\u0131yla \u00fcreten kad\u0131nlar\u0131m\u0131za teslim edilir.<\/p>\n","protected":false},"excerpt":{"rendered":"<p>Biz Kimiz? 2012 y\u0131l\u0131nda Havva Firdevs K\u00fcl\u00fcnk taraf\u0131ndan kurulan platformumuz es\u0327ref-i mahlukat olman\u0131n gereg\u0306ine s\u0131k\u0131 s\u0131k\u0131 inan\u0131r. Bu inan\u00e7 ile yarat\u0131lm\u0131s\u0327 her varl\u0131g\u0306a hizmet etmeyi ibadet kabul eder. \u00d6nce kendi i\u00e7inde Allah ile bar\u0131s\u0327\u0131k, Resulullah davas\u0131na sad\u0131k Hz. Adem\u2019den Hz. Peygamber&#8217;e kadar, oradan g\u00fcn\u00fcm\u00fcze gelen tarih ile bar\u0131s\u0327\u0131k; g\u00fcn\u00fcm\u00fcze bu sentezlemeyi sag\u0306l\u0131kl\u0131 yapabilecek beyin, ruh ve kalp olgunlug\u0306una eri\u015fiktir. Amac\u0131m\u0131z Anadolu&#8217;nun \u00fccra k\u00f6s\u0327elerindeki ihtiya\u00e7 sahibi, kabuklar\u0131n\u0131 k\u0131ramam\u0131s\u0327 kad\u0131nlara, gen\u00e7 k\u0131zlara bal\u0131k tutmay\u0131, bu sebebe sar\u0131larak&hellip;<\/p>\n","protected":false},"author":1,"featured_media":1989,"parent":0,"menu_order":0,"comment_status":"closed","ping_status":"closed","template":"","meta":{"ngg_post_thumbnail":0},"acf":[],"_links":{"self":[{"href":"http:\/\/yenidunyaiskadinlari.com\/tr\/wp-json\/wp\/v2\/pages\/2326"}],"collection":[{"href":"http:\/\/yenidunyaiskadinlari.com\/tr\/wp-json\/wp\/v2\/pages"}],"about":[{"href":"http:\/\/yenidunyaiskadinlari.com\/tr\/wp-json\/wp\/v2\/types\/page"}],"author":[{"embeddable":true,"href":"http:\/\/yenidunyaiskadinlari.com\/tr\/wp-json\/wp\/v2\/users\/1"}],"replies":[{"embeddable":true,"href":"http:\/\/yenidunyaiskadinlari.com\/tr\/wp-json\/wp\/v2\/comments?post=2326"}],"version-history":[{"count":2,"href":"http:\/\/yenidunyaiskadinlari.com\/tr\/wp-json\/wp\/v2\/pages\/2326\/revisions"}],"predecessor-version":[{"id":2328,"href":"http:\/\/yenidunyaiskadinlari.com\/tr\/wp-json\/wp\/v2\/pages\/2326\/revisions\/2328"}],"wp:featuredmedia":[{"embeddable":true,"href":"http:\/\/yenidunyaiskadinlari.com\/tr\/wp-json\/wp\/v2\/media\/1989"}],"wp:attachment":[{"href":"http:\/\/yenidunyaiskadinlari.com\/tr\/wp-json\/wp\/v2\/media?parent=2326"}],"curies":[{"name":"wp","href":"https:\/\/api.w.org\/{rel}","templated":true}]}}